{"id":844,"date":"2023-03-09T08:51:18","date_gmt":"2023-03-09T08:51:18","guid":{"rendered":"https:\/\/refugisiurana.cec.cat\/?page_id=844"},"modified":"2026-03-02T16:55:11","modified_gmt":"2026-03-02T16:55:11","slug":"dormir-refuge","status":"publish","type":"page","link":"https:\/\/refugisiurana.cec.cat\/fr\/dormir-refuge\/","title":{"rendered":"Vols dormir al refugi?"},"content":{"rendered":"<p>[et_pb_section fb_built=\u00a0\u00bb1&Prime; custom_padding_last_edited=\u00a0\u00bbon|phone\u00a0\u00bb _builder_version=\u00a0\u00bb4.18.0&Prime; _module_preset=\u00a0\u00bbdefault\u00a0\u00bb background_color=\u00a0\u00bb#fcf9f1&Prime; custom_padding=\u00a0\u00bb70px||0px||false|false\u00a0\u00bb custom_padding_tablet=\u00a0\u00bb0px||||false|false\u00a0\u00bb custom_padding_phone=\u00a0\u00bb0px||||false|false\u00a0\u00bb background_color_phone=\u00a0\u00bb#fbf6ea\u00a0\u00bb background_last_edited=\u00a0\u00bbon|phone\u00a0\u00bb background_enable_color_phone=\u00a0\u00bbon\u00a0\u00bb global_colors_info=\u00a0\u00bb{}\u00a0\u00bb][et_pb_row custom_padding_last_edited=\u00a0\u00bbon|tablet\u00a0\u00bb _builder_version=\u00a0\u00bb4.18.0&Prime; _module_preset=\u00a0\u00bbdefault\u00a0\u00bb width=\u00a0\u00bb100%\u00a0\u00bb max_width=\u00a0\u00bb100%\u00a0\u00bb min_height=\u00a0\u00bb154.3px\u00a0\u00bb custom_padding=\u00a0\u00bb||20px||false|false\u00a0\u00bb custom_padding_tablet=\u00a0\u00bb||20px||false|false\u00a0\u00bb custom_padding_phone=\u00a0\u00bb||13px||false|false\u00a0\u00bb global_colors_info=\u00a0\u00bb{}\u00a0\u00bb][et_pb_column type=\u00a0\u00bb4_4&Prime; _builder_version=\u00a0\u00bb4.18.0&Prime; _module_preset=\u00a0\u00bbdefault\u00a0\u00bb custom_padding=\u00a0\u00bb|||125px|false|false\u00a0\u00bb custom_padding_tablet=\u00a0\u00bb|0px||0px|false|false\u00a0\u00bb custom_padding_phone=\u00a0\u00bb|0px|||false|false\u00a0\u00bb custom_padding_last_edited=\u00a0\u00bbon|desktop\u00a0\u00bb global_colors_info=\u00a0\u00bb{}\u00a0\u00bb][et_pb_image src=\u00a0\u00bbhttps:\/\/refugisiurana.cec.cat\/wp-content\/uploads\/2022\/09\/punt-informacio-refugi-siurana.png\u00a0\u00bb alt=\u00a0\u00bbPunt d&rsquo;informacio Refugi Siurana\u00a0\u00bb title_text=\u00a0\u00bbpunt-informacio-refugi-siurana\u00a0\u00bb align_tablet=\u00a0\u00bbcenter\u00a0\u00bb align_phone=\u00a0\u00bbcenter\u00a0\u00bb align_last_edited=\u00a0\u00bbon|phone\u00a0\u00bb _builder_version=\u00a0\u00bb4.18.0&Prime; _module_preset=\u00a0\u00bbdefault\u00a0\u00bb min_height_tablet=\u00a0\u00bb\u00a0\u00bb min_height_phone=\u00a0\u00bb\u00a0\u00bb min_height_last_edited=\u00a0\u00bbon|phone\u00a0\u00bb height=\u00a0\u00bb60px\u00a0\u00bb custom_margin=\u00a0\u00bb||9px|||\u00a0\u00bb global_colors_info=\u00a0\u00bb{}\u00a0\u00bb][\/et_pb_image][et_pb_text _builder_version=\u00a0\u00bb4.18.0&Prime; _module_preset=\u00a0\u00bbdefault\u00a0\u00bb header_font=\u00a0\u00bb|600|||||||\u00a0\u00bb header_font_size=\u00a0\u00bb57px\u00a0\u00bb header_letter_spacing=\u00a0\u00bb-1px\u00a0\u00bb custom_margin_tablet=\u00a0\u00bb20px||||false|false\u00a0\u00bb custom_margin_phone=\u00a0\u00bb15px||||false|false\u00a0\u00bb custom_margin_last_edited=\u00a0\u00bbon|desktop\u00a0\u00bb header_text_align_tablet=\u00a0\u00bbcenter\u00a0\u00bb header_text_align_phone=\u00a0\u00bbcenter\u00a0\u00bb header_text_align_last_edited=\u00a0\u00bbon|tablet\u00a0\u00bb header_font_size_tablet=\u00a0\u00bb52px\u00a0\u00bb header_font_size_phone=\u00a0\u00bb34px\u00a0\u00bb header_font_size_last_edited=\u00a0\u00bbon|phone\u00a0\u00bb global_colors_info=\u00a0\u00bb{}\u00a0\u00bb]<\/p>\n<h1>Voulez-vous dormir au Refuge?<\/h1>\n<p>[\/et_pb_text][\/et_pb_column][\/et_pb_row][\/et_pb_section][et_pb_section fb_built=\u00a0\u00bb1&Prime; _builder_version=\u00a0\u00bb4.18.0&Prime; _module_preset=\u00a0\u00bbdefault\u00a0\u00bb background_color=\u00a0\u00bb#FFFFFF\u00a0\u00bb width=\u00a0\u00bb100%\u00a0\u00bb max_width=\u00a0\u00bb100%\u00a0\u00bb custom_margin=\u00a0\u00bb0px||0px||false|false\u00a0\u00bb custom_padding=\u00a0\u00bb0px||0px||false|false\u00a0\u00bb global_colors_info=\u00a0\u00bb{}\u00a0\u00bb][et_pb_row column_structure=\u00a0\u00bb1_2,1_2&Prime; use_custom_gutter=\u00a0\u00bbon\u00a0\u00bb gutter_width=\u00a0\u00bb1&Prime; make_equal=\u00a0\u00bbon\u00a0\u00bb _builder_version=\u00a0\u00bb4.18.0&Prime; _module_preset=\u00a0\u00bbdefault\u00a0\u00bb width=\u00a0\u00bb100%\u00a0\u00bb max_width=\u00a0\u00bb100%\u00a0\u00bb custom_margin=\u00a0\u00bb0px||0px||false|false\u00a0\u00bb custom_margin_tablet=\u00a0\u00bb0px||0px||false|false\u00a0\u00bb custom_margin_phone=\u00a0\u00bb0px||0px||false|false\u00a0\u00bb custom_margin_last_edited=\u00a0\u00bbon|phone\u00a0\u00bb custom_padding=\u00a0\u00bb0px||0px||false|false\u00a0\u00bb global_colors_info=\u00a0\u00bb{}\u00a0\u00bb][et_pb_column type=\u00a0\u00bb1_2&Prime; _builder_version=\u00a0\u00bb4.18.0&Prime; _module_preset=\u00a0\u00bbdefault\u00a0\u00bb custom_padding=\u00a0\u00bb|125px||125px|false|false\u00a0\u00bb custom_padding_tablet=\u00a0\u00bb|70px||70px|false|false\u00a0\u00bb custom_padding_phone=\u00a0\u00bb|40px||40px|false|true\u00a0\u00bb custom_padding_last_edited=\u00a0\u00bbon|tablet\u00a0\u00bb custom_css_main_element=\u00a0\u00bbdisplay: flex;||flex-direction: column;||justify-content: center;\u00a0\u00bb global_colors_info=\u00a0\u00bb{}\u00a0\u00bb][et_pb_text _builder_version=\u00a0\u00bb4.24.3&Prime; _module_preset=\u00a0\u00bbdefault\u00a0\u00bb text_font=\u00a0\u00bb|300|||||||\u00a0\u00bb text_font_size=\u00a0\u00bb15px\u00a0\u00bb text_line_height=\u00a0\u00bb1.6em\u00a0\u00bb custom_margin=\u00a0\u00bb80px||13px||false|false\u00a0\u00bb custom_margin_tablet=\u00a0\u00bb70px||6px||false|false\u00a0\u00bb custom_margin_phone=\u00a0\u00bb40px||3px||false|false\u00a0\u00bb custom_margin_last_edited=\u00a0\u00bbon|tablet\u00a0\u00bb hover_enabled=\u00a0\u00bb0&Prime; global_colors_info=\u00a0\u00bb{}\u00a0\u00bb sticky_enabled=\u00a0\u00bb0&Prime;]<\/p>\n<p><strong>Centre Excursionista de Catalunya<\/strong> a permis de passer la nuit au Refuge de Siurana &#8211; C\u00edriac Bonet pour ses membres!<\/p>\n<p>Il peut \u00eatre lou\u00e9 par un maximum de <strong>deux groupes ou familles simultan\u00e9ment.<\/strong><\/p>\n<p>L&rsquo;espace Refuge se compose de <strong>deux chambres \u00e9quip\u00e9es chacune de 3 lits superpos\u00e9s<\/strong> (soit un total de 6 lits par chambre), d&rsquo;un <strong>WC complet \u00e0 usage partag\u00e9 entre les h\u00f4tes du refuge (ind\u00e9pendants de la client\u00e8le du bar-restaurant)<\/strong> et d&rsquo;un espace o\u00f9 vous trouverez pr\u00e9par\u00e9 le <strong>petit d\u00e9jeuner.<\/strong><\/p>\n<p>[\/et_pb_text][et_pb_text _builder_version=\u00a0\u00bb4.24.3&Prime; _module_preset=\u00a0\u00bbdefault\u00a0\u00bb text_font=\u00a0\u00bb|300|||||||\u00a0\u00bb text_font_size=\u00a0\u00bb15px\u00a0\u00bb text_line_height=\u00a0\u00bb1.8em\u00a0\u00bb header_2_font=\u00a0\u00bb|600|||||||\u00a0\u00bb header_2_font_size=\u00a0\u00bb34px\u00a0\u00bb header_2_line_height=\u00a0\u00bb1.3em\u00a0\u00bb custom_margin=\u00a0\u00bb35px||15px||false|false\u00a0\u00bb custom_margin_tablet=\u00a0\u00bb40px||15px||false|false\u00a0\u00bb custom_margin_phone=\u00a0\u00bb25px||10px||false|false\u00a0\u00bb custom_margin_last_edited=\u00a0\u00bbon|phone\u00a0\u00bb header_2_font_size_tablet=\u00a0\u00bb34px\u00a0\u00bb header_2_font_size_phone=\u00a0\u00bb30px\u00a0\u00bb header_2_font_size_last_edited=\u00a0\u00bbon|tablet\u00a0\u00bb border_width_bottom=\u00a0\u00bb1px\u00a0\u00bb border_color_bottom=\u00a0\u00bb#56564c\u00a0\u00bb global_colors_info=\u00a0\u00bb{}\u00a0\u00bb]<\/p>\n<h2>Comment faire la r\u00e9servation ?<\/h2>\n<p>[\/et_pb_text][et_pb_text _builder_version=\u00a0\u00bb4.24.3&Prime; _module_preset=\u00a0\u00bbdefault\u00a0\u00bb text_font=\u00a0\u00bb|300|||||||\u00a0\u00bb text_font_size=\u00a0\u00bb15px\u00a0\u00bb text_line_height=\u00a0\u00bb1.6em\u00a0\u00bb custom_margin=\u00a0\u00bb15px||10px||false|false\u00a0\u00bb custom_margin_tablet=\u00a0\u00bb15px||50px||false|false\u00a0\u00bb custom_margin_phone=\u00a0\u00bb20px||40px||false|false\u00a0\u00bb custom_margin_last_edited=\u00a0\u00bbon|desktop\u00a0\u00bb hover_enabled=\u00a0\u00bb0&Prime; global_colors_info=\u00a0\u00bb{}\u00a0\u00bb sticky_enabled=\u00a0\u00bb0&Prime;]<\/p>\n<p>Pour effectuer la r\u00e9servation, envoyez un e-mail \u00e0 <a href=\"mailto:refugisiurana@cec.cat\">refugisiurana@cec.cat<\/a> avec vos coordonn\u00e9es et les sp\u00e9cifications de la r\u00e9servation que vous souhaitez effectuer, ou vous pouvez appeler le +34 675 347 447.<\/p>\n<p>Depuis le Refuge, nous vous contacterons pour confirmer la disponibilit\u00e9 et finaliser la r\u00e9servation.<\/p>\n<p>[\/et_pb_text][et_pb_text _builder_version=\u00a0\u00bb4.19.0&Prime; _module_preset=\u00a0\u00bbdefault\u00a0\u00bb text_font=\u00a0\u00bb|300|||||||\u00a0\u00bb text_font_size=\u00a0\u00bb15px\u00a0\u00bb text_line_height=\u00a0\u00bb1.8em\u00a0\u00bb header_2_font=\u00a0\u00bb|600|||||||\u00a0\u00bb header_2_font_size=\u00a0\u00bb34px\u00a0\u00bb header_2_line_height=\u00a0\u00bb1.3em\u00a0\u00bb custom_margin=\u00a0\u00bb35px||15px||false|false\u00a0\u00bb custom_margin_tablet=\u00a0\u00bb40px||15px||false|false\u00a0\u00bb custom_margin_phone=\u00a0\u00bb25px||10px||false|false\u00a0\u00bb custom_margin_last_edited=\u00a0\u00bbon|phone\u00a0\u00bb header_2_font_size_tablet=\u00a0\u00bb34px\u00a0\u00bb header_2_font_size_phone=\u00a0\u00bb30px\u00a0\u00bb header_2_font_size_last_edited=\u00a0\u00bbon|tablet\u00a0\u00bb border_width_bottom=\u00a0\u00bb1px\u00a0\u00bb border_color_bottom=\u00a0\u00bb#56564c\u00a0\u00bb global_colors_info=\u00a0\u00bb{}\u00a0\u00bb]<\/p>\n<h2>Tarifs des chambres compl\u00e8tes<\/h2>\n<p>[\/et_pb_text][et_pb_pricing_tables _builder_version=\u00a0\u00bb4.24.3&Prime; _module_preset=\u00a0\u00bbdefault\u00a0\u00bb hover_enabled=\u00a0\u00bb0&Prime; global_colors_info=\u00a0\u00bb{}\u00a0\u00bb sticky_enabled=\u00a0\u00bb0&Prime;][et_pb_pricing_table title=\u00a0\u00bb \u00a0\u00bb subtitle=\u00a0\u00bb \u00a0\u00bb currency=\u00a0\u00bb\u20ac\u00a0\u00bb sum=\u00a0\u00bb90&Prime; _builder_version=\u00a0\u00bb4.24.3&Prime; _module_preset=\u00a0\u00bbdefault\u00a0\u00bb global_colors_info=\u00a0\u00bb{}\u00a0\u00bb sticky_transition=\u00a0\u00bbon\u00a0\u00bb]<\/p>\n<p>Prix \u200b\u200bmembres du <strong>Centre Excursionista de Catalunya<\/strong> par chambre pour 6 personnes et par nuit.<\/p>\n<p>[\/et_pb_pricing_table][\/et_pb_pricing_tables][\/et_pb_column][et_pb_column type=\u00a0\u00bb1_2&Prime; _builder_version=\u00a0\u00bb4.18.0&Prime; _module_preset=\u00a0\u00bbdefault\u00a0\u00bb global_colors_info=\u00a0\u00bb{}\u00a0\u00bb][et_pb_image src=\u00a0\u00bbhttps:\/\/refugisiurana.cec.cat\/wp-content\/uploads\/2022\/09\/entrada-refugi-de-siurana.jpg\u00a0\u00bb alt=\u00a0\u00bbEntrada Refugi de Siurana\u00a0\u00bb title_text=\u00a0\u00bbentrada-refugi-de-siurana\u00a0\u00bb force_fullwidth=\u00a0\u00bbon\u00a0\u00bb _builder_version=\u00a0\u00bb4.19.0&Prime; _module_preset=\u00a0\u00bbdefault\u00a0\u00bb positioning=\u00a0\u00bbrelative\u00a0\u00bb position_origin_f=\u00a0\u00bbtop_right\u00a0\u00bb position_origin_r=\u00a0\u00bbtop_right\u00a0\u00bb min_height=\u00a0\u00bb100%\u00a0\u00bb height=\u00a0\u00bb100%\u00a0\u00bb global_colors_info=\u00a0\u00bb{}\u00a0\u00bb][\/et_pb_image][\/et_pb_column][\/et_pb_row][et_pb_row column_structure=\u00a0\u00bb1_2,1_2&Prime; _builder_version=\u00a0\u00bb4.24.3&Prime; _module_preset=\u00a0\u00bbdefault\u00a0\u00bb global_colors_info=\u00a0\u00bb{}\u00a0\u00bb][et_pb_column type=\u00a0\u00bb1_2&Prime; _builder_version=\u00a0\u00bb4.24.3&Prime; _module_preset=\u00a0\u00bbdefault\u00a0\u00bb global_colors_info=\u00a0\u00bb{}\u00a0\u00bb][\/et_pb_column][et_pb_column type=\u00a0\u00bb1_2&Prime; _builder_version=\u00a0\u00bb4.24.3&Prime; _module_preset=\u00a0\u00bbdefault\u00a0\u00bb global_colors_info=\u00a0\u00bb{}\u00a0\u00bb][\/et_pb_column][\/et_pb_row][\/et_pb_section][et_pb_section fb_built=\u00a0\u00bb1&Prime; custom_padding_last_edited=\u00a0\u00bbon|phone\u00a0\u00bb _builder_version=\u00a0\u00bb4.18.0&Prime; _module_preset=\u00a0\u00bbdefault\u00a0\u00bb background_color=\u00a0\u00bb#FFFFFF\u00a0\u00bb custom_padding=\u00a0\u00bb70px||70px||true|false\u00a0\u00bb custom_padding_tablet=\u00a0\u00bb41px||41px||true|false\u00a0\u00bb custom_padding_phone=\u00a0\u00bb12px||12px||true|false\u00a0\u00bb background_color_tablet=\u00a0\u00bb#FFFFFF\u00a0\u00bb background_color_phone=\u00a0\u00bb#FFFFFF\u00a0\u00bb background_last_edited=\u00a0\u00bbon|phone\u00a0\u00bb background_enable_color_tablet=\u00a0\u00bbon\u00a0\u00bb background_enable_color_phone=\u00a0\u00bbon\u00a0\u00bb global_colors_info=\u00a0\u00bb{}\u00a0\u00bb][et_pb_row custom_padding_last_edited=\u00a0\u00bbon|phone\u00a0\u00bb _builder_version=\u00a0\u00bb4.18.0&Prime; _module_preset=\u00a0\u00bbdefault\u00a0\u00bb width=\u00a0\u00bb100%\u00a0\u00bb max_width=\u00a0\u00bb100%\u00a0\u00bb custom_padding=\u00a0\u00bb|125px||125px|false|true\u00a0\u00bb custom_padding_tablet=\u00a0\u00bb|||70px|false|false\u00a0\u00bb custom_padding_phone=\u00a0\u00bb|40px||40px|false|true\u00a0\u00bb global_colors_info=\u00a0\u00bb{}\u00a0\u00bb][et_pb_column type=\u00a0\u00bb4_4&Prime; _builder_version=\u00a0\u00bb4.18.0&Prime; _module_preset=\u00a0\u00bbdefault\u00a0\u00bb custom_padding=\u00a0\u00bb||||false|false\u00a0\u00bb custom_padding_tablet=\u00a0\u00bb|0px||0px|false|false\u00a0\u00bb custom_padding_phone=\u00a0\u00bb|0px|||false|false\u00a0\u00bb custom_padding_last_edited=\u00a0\u00bbon|desktop\u00a0\u00bb global_colors_info=\u00a0\u00bb{}\u00a0\u00bb][et_pb_accordion open_toggle_text_color=\u00a0\u00bb#56564c\u00a0\u00bb open_toggle_background_color=\u00a0\u00bb#fcf9f1&Prime; closed_toggle_text_color=\u00a0\u00bb#56564c\u00a0\u00bb closed_toggle_background_color=\u00a0\u00bb#fcf9f1&Prime; icon_color=\u00a0\u00bb#009772&Prime; use_icon_font_size=\u00a0\u00bbon\u00a0\u00bb icon_font_size=\u00a0\u00bb36px\u00a0\u00bb open_toggle_background_color_tablet=\u00a0\u00bb#fcf9f1&Prime; open_toggle_background_color_phone=\u00a0\u00bb#fbf6ea\u00a0\u00bb open_toggle_background_color_last_edited=\u00a0\u00bbon|tablet\u00a0\u00bb closed_toggle_background_color_tablet=\u00a0\u00bb#fcf9f1&Prime; closed_toggle_background_color_phone=\u00a0\u00bb#fbf6ea\u00a0\u00bb closed_toggle_background_color_last_edited=\u00a0\u00bbon|desktop\u00a0\u00bb icon_font_size_tablet=\u00a0\u00bb27px\u00a0\u00bb icon_font_size_phone=\u00a0\u00bb25px\u00a0\u00bb icon_font_size_last_edited=\u00a0\u00bbon|phone\u00a0\u00bb _builder_version=\u00a0\u00bb4.24.3&Prime; _module_preset=\u00a0\u00bbdefault\u00a0\u00bb toggle_font=\u00a0\u00bb|600|||||||\u00a0\u00bb toggle_font_size=\u00a0\u00bb23px\u00a0\u00bb closed_toggle_font_size=\u00a0\u00bb23px\u00a0\u00bb body_font=\u00a0\u00bb|300|||||||\u00a0\u00bb body_font_size=\u00a0\u00bb15px\u00a0\u00bb toggle_font_size_tablet=\u00a0\u00bb20px\u00a0\u00bb toggle_font_size_phone=\u00a0\u00bb18px\u00a0\u00bb toggle_font_size_last_edited=\u00a0\u00bbon|desktop\u00a0\u00bb closed_toggle_font_size_tablet=\u00a0\u00bb20px\u00a0\u00bb closed_toggle_font_size_phone=\u00a0\u00bb18px\u00a0\u00bb closed_toggle_font_size_last_edited=\u00a0\u00bbon|phone\u00a0\u00bb border_width_all=\u00a0\u00bb0px\u00a0\u00bb global_colors_info=\u00a0\u00bb{}\u00a0\u00bb][et_pb_accordion_item title=\u00a0\u00bbEN BLANCO\u00a0\u00bb open=\u00a0\u00bbon\u00a0\u00bb _builder_version=\u00a0\u00bb4.18.0&Prime; _module_preset=\u00a0\u00bbdefault\u00a0\u00bb custom_css_main_element=\u00a0\u00bbdisplay:none\u00a0\u00bb global_colors_info=\u00a0\u00bb{}\u00a0\u00bb][\/et_pb_accordion_item][et_pb_accordion_item title=\u00a0\u00bbFAQS\u00a0\u00bb _builder_version=\u00a0\u00bb4.24.3&Prime; _module_preset=\u00a0\u00bbdefault\u00a0\u00bb global_colors_info=\u00a0\u00bb{}\u00a0\u00bb open=\u00a0\u00bboff\u00a0\u00bb]<\/p>\n<h4>Comment r\u00e9cup\u00e9rer les cl\u00e9s ?<\/h4>\n<p>Per a la recollida de les claus d&rsquo;acc\u00e9s al refugi, cal contactar (per tel\u00e8fon o WhatsApp) amb +34 675 347 447 (Marc).<a href=\"https:\/\/goo.gl\/maps\/sfiSkekpJBz72W2L7\"><\/a><\/p>\n<p><strong><\/strong><\/p>\n<h4><strong>Comment rendre les cl\u00e9s ?<\/strong><\/h4>\n<p>Pour restituer les cl\u00e9s, vous devez les laisser \u00e0 l&rsquo;int\u00e9rieur du refuge (sur le rebord avant de sortir).<\/p>\n<p>&nbsp;<\/p>\n<h4><strong>Comment acc\u00e9der aux chambres ?<\/strong><\/h4>\n<p>Nous vous fournirons un jeu de deux cl\u00e9s, une pour ouvrir la porte d&rsquo;acc\u00e8s ext\u00e9rieure au refuge et l&rsquo;autre pour ouvrir la chambre assign\u00e9e.<\/p>\n<p>Vous trouverez la porte d&rsquo;acc\u00e8s ext\u00e9rieure au refuge \u00e0 l&rsquo;\u00e9tage sup\u00e9rieur, o\u00f9 se trouvent \u00e9galement les chambres. Pour y acc\u00e9der, vous devrez monter les escaliers en pierre situ\u00e9s \u00e0 gauche de la porte principale. Soyez prudent car vous \u00eates tr\u00e8s pr\u00e8s du bord de la falaise.<\/p>\n<p>&nbsp;<\/p>\n<h4><strong>Devez-vous apporter des serviettes et des draps ?<\/strong><\/h4>\n<p>Oui, vous devrez apporter des serviettes et du savon, ainsi qu&rsquo;un sac de couchage ou des draps.<\/p>\n<p>&nbsp;<\/p>\n<div class=\"elementor-element elementor-element-263e551 title2 faqicon elementor-widget elementor-widget-heading\" data-id=\"263e551\" data-element_type=\"widget\" data-widget_type=\"heading.default\">\n<div class=\"elementor-widget-container\">\n<h4 class=\"elementor-heading-title elementor-size-default\"><strong>Comment pouvons-nous contacter le Refuge en cas d\u2019urgence ?<\/strong><\/h4>\n<\/div>\n<\/div>\n<div class=\"elementor-element elementor-element-40d5605 faqtextpadding elementor-widget elementor-widget-text-editor\" data-id=\"40d5605\" data-element_type=\"widget\" data-widget_type=\"text-editor.default\">\n<div class=\"elementor-widget-container\">\n<div class=\"elementor-text-editor elementor-clearfix\">\n<p>En cas d&rsquo;urgence vous pouvez appeler le t\u00e9l\u00e9phone de l&rsquo;\u00e9quipe: +34 675 347 447 (Marc).<\/p>\n<p>&nbsp;<\/p>\n<div class=\"elementor-element elementor-element-351cb68 title2 faqicon elementor-widget elementor-widget-heading\" data-id=\"351cb68\" data-element_type=\"widget\" data-widget_type=\"heading.default\">\n<div class=\"elementor-widget-container\">\n<h4 class=\"elementor-heading-title elementor-size-default\"><strong>Y a-t-il du WIFI ?<\/strong><\/h4>\n<\/div>\n<\/div>\n<div class=\"elementor-element elementor-element-53f3438 faqtextpadding elementor-widget elementor-widget-text-editor\" data-id=\"53f3438\" data-element_type=\"widget\" data-widget_type=\"text-editor.default\">\n<div class=\"elementor-widget-container\">\n<div class=\"elementor-text-editor elementor-clearfix\">\n<p>Oui, au Refugi de Siurana &#8211; Cir\u00edac Bonet, vous pouvez vous d\u00e9connecter de la routine et du quotidien, mais si vous le souhaitez ou en avez besoin, vous pouvez \u00e9galement \u00eatre connect\u00e9 au monde gr\u00e2ce \u00e0 notre connexion WIFI.<\/p>\n<p>&nbsp;<\/p>\n<h4><strong>O\u00f9 peut-on se garer ?<\/strong><\/h4>\n<p>En raison de la surpopulation, la Mairie de Cornudella a mis en place une r\u00e9glementation selon laquelle chaque v\u00e9hicule devra payer 3 \u20ac pour acc\u00e9der au parking.<\/p>\n<\/div>\n<\/div>\n<\/div>\n<\/div>\n<\/div>\n<\/div>\n<p>[\/et_pb_accordion_item][et_pb_accordion_item title=\u00a0\u00bbDoutes et questions\u00a0\u00bb _builder_version=\u00a0\u00bb4.24.3&Prime; _module_preset=\u00a0\u00bbdefault\u00a0\u00bb global_colors_info=\u00a0\u00bb{}\u00a0\u00bb open=\u00a0\u00bboff\u00a0\u00bb]<\/p>\n<p>Si vous avez des doutes ou des questions, vous pouvez nous envoyer un email \u00e0 refugisiurana@cec.cat, ou appeler le num\u00e9ro de t\u00e9l\u00e9phone de l&rsquo;\u00e9quipe : +34 675 347 447 (Marc)<\/p>\n<p>[\/et_pb_accordion_item][et_pb_accordion_item title=\u00a0\u00bbConditions de r\u00e9servation\u00a0\u00bb _builder_version=\u00a0\u00bb4.24.3&Prime; _module_preset=\u00a0\u00bbdefault\u00a0\u00bb global_colors_info=\u00a0\u00bb{}\u00a0\u00bb open=\u00a0\u00bboff\u00a0\u00bb]<\/p>\n<p><strong>Taxes et frais<\/strong><\/p>\n<p>Les prix incluent les taxes \u00e0 l&rsquo;exception de la TAXE DE S\u00c9JOUR. Pour plus d&rsquo;informations contactez-nous.<\/p>\n<p>[\/et_pb_accordion_item][et_pb_accordion_item title=\u00a0\u00bbConditions d&rsquo;annulation\u00a0\u00bb _builder_version=\u00a0\u00bb4.24.3&Prime; _module_preset=\u00a0\u00bbdefault\u00a0\u00bb global_colors_info=\u00a0\u00bb{}\u00a0\u00bb open=\u00a0\u00bboff\u00a0\u00bb]<\/p>\n<p>Les conditions d&rsquo;annulation suivantes s&rsquo;appliquent aux r\u00e9servations priv\u00e9es pouvant accueillir jusqu&rsquo;\u00e0 6 personnes. Pour les r\u00e9servations de plus de 6 personnes, des conditions d&rsquo;annulation particuli\u00e8res pour les groupes s&rsquo;appliquent et seront sp\u00e9cifiquement mentionn\u00e9es dans la r\u00e9servation.<\/p>\n<p>Notre politique g\u00e9n\u00e9rale d&rsquo;annulation est de 3 JOURS (72h) avant le jour d&rsquo;arriv\u00e9e. Autrement dit, si vous annulez ou modifiez votre r\u00e9servation avant 3 JOURS (72 heures) du jour de votre arriv\u00e9e au Refuge, le montant total de la r\u00e9servation vous sera restitu\u00e9. Si vous annulez ou modifiez la r\u00e9servation apr\u00e8s ce d\u00e9lai de 3 JOURS (72 heures) ou ne vous pr\u00e9sentez pas au Refuge, vous n&rsquo;aurez droit \u00e0 aucun remboursement du montant de la r\u00e9servation.<\/p>\n<p>[\/et_pb_accordion_item][\/et_pb_accordion][\/et_pb_column][\/et_pb_row][\/et_pb_section][et_pb_section fb_built=\u00a0\u00bb1&Prime; custom_padding_last_edited=\u00a0\u00bbon|desktop\u00a0\u00bb _builder_version=\u00a0\u00bb4.18.0&Prime; _module_preset=\u00a0\u00bbdefault\u00a0\u00bb background_color=\u00a0\u00bb#fcf9f1&Prime; custom_margin=\u00a0\u00bb0px||0px||false|false\u00a0\u00bb custom_margin_tablet=\u00a0\u00bb0px||0px||false|false\u00a0\u00bb custom_margin_phone=\u00a0\u00bb0px||0px||false|false\u00a0\u00bb custom_margin_last_edited=\u00a0\u00bbon|phone\u00a0\u00bb custom_padding=\u00a0\u00bb0px||0px||false|false\u00a0\u00bb custom_padding_tablet=\u00a0\u00bb0px||0px||false|false\u00a0\u00bb custom_padding_phone=\u00a0\u00bb0px||0px||false|false\u00a0\u00bb background_color_phone=\u00a0\u00bb#fbf6ea\u00a0\u00bb background_last_edited=\u00a0\u00bbon|phone\u00a0\u00bb background_enable_color_phone=\u00a0\u00bbon\u00a0\u00bb global_colors_info=\u00a0\u00bb{}\u00a0\u00bb][\/et_pb_section]<\/p>\n","protected":false},"excerpt":{"rendered":"<p>Voulez-vous dormir au Refuge?Centre Excursionista de Catalunya a permis de passer la nuit au Refuge de Siurana &#8211; C\u00edriac Bonet pour ses membres! Il peut \u00eatre lou\u00e9 par un maximum de deux groupes ou familles simultan\u00e9ment. L&rsquo;espace Refuge se compose de deux chambres \u00e9quip\u00e9es chacune de 3 lits superpos\u00e9s (soit un total de 6 lits [&hellip;]<\/p>\n","protected":false},"author":1,"featured_media":0,"parent":0,"menu_order":0,"comment_status":"closed","ping_status":"closed","template":"","meta":{"_et_pb_use_builder":"on","_et_pb_old_content":"","_et_gb_content_width":"","footnotes":""},"class_list":["post-844","page","type-page","status-publish","hentry"],"_links":{"self":[{"href":"https:\/\/refugisiurana.cec.cat\/fr\/wp-json\/wp\/v2\/pages\/844","targetHints":{"allow":["GET"]}}],"collection":[{"href":"https:\/\/refugisiurana.cec.cat\/fr\/wp-json\/wp\/v2\/pages"}],"about":[{"href":"https:\/\/refugisiurana.cec.cat\/fr\/wp-json\/wp\/v2\/types\/page"}],"author":[{"embeddable":true,"href":"https:\/\/refugisiurana.cec.cat\/fr\/wp-json\/wp\/v2\/users\/1"}],"replies":[{"embeddable":true,"href":"https:\/\/refugisiurana.cec.cat\/fr\/wp-json\/wp\/v2\/comments?post=844"}],"version-history":[{"count":7,"href":"https:\/\/refugisiurana.cec.cat\/fr\/wp-json\/wp\/v2\/pages\/844\/revisions"}],"predecessor-version":[{"id":911,"href":"https:\/\/refugisiurana.cec.cat\/fr\/wp-json\/wp\/v2\/pages\/844\/revisions\/911"}],"wp:attachment":[{"href":"https:\/\/refugisiurana.cec.cat\/fr\/wp-json\/wp\/v2\/media?parent=844"}],"curies":[{"name":"wp","href":"https:\/\/api.w.org\/{rel}","templated":true}]}}