{"id":504,"date":"2022-09-13T16:58:40","date_gmt":"2022-09-13T16:58:40","guid":{"rendered":"https:\/\/refugisiurana.cec.cat\/?page_id=504"},"modified":"2022-10-17T15:54:47","modified_gmt":"2022-10-17T15:54:47","slug":"punt-dinformacio","status":"publish","type":"page","link":"https:\/\/refugisiurana.cec.cat\/es\/punt-dinformacio\/","title":{"rendered":"Punt d&#8217;informaci\u00f3"},"content":{"rendered":"<p>[et_pb_section fb_built=\u00bb1&#8243; custom_padding_last_edited=\u00bbon|phone\u00bb _builder_version=\u00bb4.18.0&#8243; _module_preset=\u00bbdefault\u00bb background_color=\u00bb#fcf9f1&#8243; custom_padding=\u00bb70px||0px||false|false\u00bb custom_padding_tablet=\u00bb0px||||false|false\u00bb custom_padding_phone=\u00bb0px||||false|false\u00bb background_color_phone=\u00bb#fbf6ea\u00bb background_last_edited=\u00bbon|phone\u00bb background_enable_color_phone=\u00bbon\u00bb global_colors_info=\u00bb{}\u00bb][et_pb_row custom_padding_last_edited=\u00bbon|tablet\u00bb _builder_version=\u00bb4.18.0&#8243; _module_preset=\u00bbdefault\u00bb width=\u00bb100%\u00bb max_width=\u00bb100%\u00bb custom_padding=\u00bb||20px||false|false\u00bb custom_padding_tablet=\u00bb||20px||false|false\u00bb custom_padding_phone=\u00bb||13px||false|false\u00bb global_colors_info=\u00bb{}\u00bb][et_pb_column type=\u00bb4_4&#8243; _builder_version=\u00bb4.18.0&#8243; _module_preset=\u00bbdefault\u00bb custom_padding=\u00bb|||125px|false|false\u00bb custom_padding_tablet=\u00bb|0px||0px|false|false\u00bb custom_padding_phone=\u00bb|0px|||false|false\u00bb custom_padding_last_edited=\u00bbon|desktop\u00bb global_colors_info=\u00bb{}\u00bb][et_pb_image src=\u00bbhttps:\/\/refugisiurana.cec.cat\/wp-content\/uploads\/2022\/09\/punt-informacio-refugi-siurana.png\u00bb alt=\u00bbPunt d&#8217;informacio Refugi Siurana\u00bb title_text=\u00bbpunt-informacio-refugi-siurana\u00bb align_tablet=\u00bbcenter\u00bb align_phone=\u00bbcenter\u00bb align_last_edited=\u00bbon|phone\u00bb _builder_version=\u00bb4.18.0&#8243; _module_preset=\u00bbdefault\u00bb min_height_tablet=\u00bb\u00bb min_height_phone=\u00bb\u00bb min_height_last_edited=\u00bbon|phone\u00bb height=\u00bb60px\u00bb custom_margin=\u00bb||9px|||\u00bb global_colors_info=\u00bb{}\u00bb][\/et_pb_image][et_pb_text _builder_version=\u00bb4.18.0&#8243; _module_preset=\u00bbdefault\u00bb header_font=\u00bb|600|||||||\u00bb header_font_size=\u00bb57px\u00bb header_letter_spacing=\u00bb-1px\u00bb custom_margin_tablet=\u00bb20px||||false|false\u00bb custom_margin_phone=\u00bb15px||||false|false\u00bb custom_margin_last_edited=\u00bbon|desktop\u00bb header_text_align_tablet=\u00bbcenter\u00bb header_text_align_phone=\u00bbcenter\u00bb header_text_align_last_edited=\u00bbon|tablet\u00bb header_font_size_tablet=\u00bb52px\u00bb header_font_size_phone=\u00bb34px\u00bb header_font_size_last_edited=\u00bbon|phone\u00bb global_colors_info=\u00bb{}\u00bb]<\/p>\n<h1>Punto de informaci\u00f3n<\/h1>\n<p>[\/et_pb_text][\/et_pb_column][\/et_pb_row][\/et_pb_section][et_pb_section fb_built=\u00bb1&#8243; _builder_version=\u00bb4.18.0&#8243; _module_preset=\u00bbdefault\u00bb background_color=\u00bb#FFFFFF\u00bb width=\u00bb100%\u00bb max_width=\u00bb100%\u00bb custom_margin=\u00bb0px||0px||false|false\u00bb custom_padding=\u00bb0px||0px||false|false\u00bb global_colors_info=\u00bb{}\u00bb][et_pb_row column_structure=\u00bb1_2,1_2&#8243; use_custom_gutter=\u00bbon\u00bb gutter_width=\u00bb1&#8243; make_equal=\u00bbon\u00bb _builder_version=\u00bb4.18.0&#8243; _module_preset=\u00bbdefault\u00bb width=\u00bb100%\u00bb max_width=\u00bb100%\u00bb custom_margin=\u00bb0px||0px||false|false\u00bb custom_margin_tablet=\u00bb0px||0px||false|false\u00bb custom_margin_phone=\u00bb0px||0px||false|false\u00bb custom_margin_last_edited=\u00bbon|phone\u00bb custom_padding=\u00bb0px||0px||false|false\u00bb global_colors_info=\u00bb{}\u00bb][et_pb_column type=\u00bb1_2&#8243; _builder_version=\u00bb4.18.0&#8243; _module_preset=\u00bbdefault\u00bb custom_padding=\u00bb|125px||125px|false|false\u00bb custom_padding_tablet=\u00bb|70px||70px|false|false\u00bb custom_padding_phone=\u00bb|40px||40px|false|true\u00bb custom_padding_last_edited=\u00bbon|tablet\u00bb custom_css_main_element=\u00bbdisplay: flex;||flex-direction: column;||justify-content: center;\u00bb global_colors_info=\u00bb{}\u00bb][et_pb_text _builder_version=\u00bb4.18.0&#8243; _module_preset=\u00bbdefault\u00bb text_font=\u00bb|300|||||||\u00bb text_font_size=\u00bb15px\u00bb text_line_height=\u00bb1.6em\u00bb custom_margin=\u00bb80px||13px||false|false\u00bb custom_margin_tablet=\u00bb70px||6px||false|false\u00bb custom_margin_phone=\u00bb40px||3px||false|false\u00bb custom_margin_last_edited=\u00bbon|tablet\u00bb global_colors_info=\u00bb{}\u00bb]<\/p>\n<p>El Refugi de Siurana es un <strong>punto de informaci\u00f3n acreditado<\/strong> del Parque Natural de Montsant y el Espacio de Inter\u00e9s Natural de la Sierra de Llaberia . Podr\u00e9is encontrar informaci\u00f3n detallada del Parque, informaci\u00f3n general de la comarca y material divulgativo diverso para planificar su estancia y visita.<\/p>\n<p><em>Plan de acciones de la Carta Europea de Turismo Sostenible del Priorat.<\/em><\/p>\n<p>[\/et_pb_text][et_pb_text _builder_version=\u00bb4.18.0&#8243; _module_preset=\u00bbdefault\u00bb text_font=\u00bb|300|||||||\u00bb text_font_size=\u00bb15px\u00bb text_line_height=\u00bb1.8em\u00bb header_2_font=\u00bb|600|||||||\u00bb header_2_font_size=\u00bb34px\u00bb header_2_line_height=\u00bb1.3em\u00bb custom_margin=\u00bb35px||15px||false|false\u00bb custom_margin_tablet=\u00bb40px||15px||false|false\u00bb custom_margin_phone=\u00bb25px||10px||false|false\u00bb custom_margin_last_edited=\u00bbon|phone\u00bb header_2_font_size_tablet=\u00bb34px\u00bb header_2_font_size_phone=\u00bb30px\u00bb header_2_font_size_last_edited=\u00bbon|tablet\u00bb border_width_bottom=\u00bb1px\u00bb border_color_bottom=\u00bb#56564c\u00bb global_colors_info=\u00bb{}\u00bb]<\/p>\n<h2>El pueblo de Siurana<\/h2>\n<p>[\/et_pb_text][et_pb_text _builder_version=\u00bb4.18.0&#8243; _module_preset=\u00bbdefault\u00bb text_font=\u00bb|300|||||||\u00bb text_font_size=\u00bb15px\u00bb text_line_height=\u00bb1.6em\u00bb custom_margin=\u00bb15px||10px||false|false\u00bb custom_margin_tablet=\u00bb15px||50px||false|false\u00bb custom_margin_phone=\u00bb20px||40px||false|false\u00bb custom_margin_last_edited=\u00bbon|desktop\u00bb global_colors_info=\u00bb{}\u00bb]<\/p>\n<p>Siurana es un <strong>enclave privilegiado <\/strong>, conocido por su pasado hist\u00f3rico, las leyendas y misterios que rodean al pueblo y su castillo, pero tambi\u00e9n por la diversidad <strong>de deportes al aire libre <\/strong>que se pueden practicar.<\/p>\n<p>Encontrar\u00e1 un <strong>pueblo encantador de casas y calles empedradas <\/strong>y los restos de la <strong>fortaleza sarracena <\/strong>: un mirador espectacular desde donde contemplar el pantano que se extiende a sus pies y que con un agua limpia y tranquila nos ofrece un mont\u00f3n de posibilidades para practicar deportes acu\u00e1ticos.<\/p>\n<p>Los entornos de Siurana tambi\u00e9n nos fascinar\u00e1n a medida que nos vayamos acercando. Los fan\u00e1ticos de la roca podr\u00e1n disfrutar de numerosos sectores en los que practicar <strong>la escalada deportiva <\/strong>en diferentes niveles de dificultad sobre la roca calc\u00e1rea de buena calidad: una escalada exigente y de grado apretado .<\/p>\n<p>Tambi\u00e9n destaca la pr\u00e1ctica del <strong>excursionismo <\/strong>que nos llevar\u00e1 a descubrir rincones privilegiados y de gran belleza natural, el <strong>ciclismo de carretera o btt <\/strong>con diferentes puertos de monta\u00f1a, el <strong>trail running <\/strong>, etc.<\/p>\n<p>[\/et_pb_text][\/et_pb_column][et_pb_column type=\u00bb1_2&#8243; _builder_version=\u00bb4.18.0&#8243; _module_preset=\u00bbdefault\u00bb global_colors_info=\u00bb{}\u00bb][et_pb_image src=\u00bbhttps:\/\/refugisiurana.cec.cat\/wp-content\/uploads\/2022\/09\/poble-de-siurana.jpg\u00bb alt=\u00bbPoble de Siurana\u00bb title_text=\u00bbpoble-de-siurana\u00bb force_fullwidth=\u00bbon\u00bb _builder_version=\u00bb4.18.0&#8243; _module_preset=\u00bbdefault\u00bb positioning=\u00bbrelative\u00bb position_origin_f=\u00bbtop_right\u00bb position_origin_r=\u00bbtop_right\u00bb min_height=\u00bb100%\u00bb height=\u00bb100%\u00bb global_colors_info=\u00bb{}\u00bb][\/et_pb_image][\/et_pb_column][\/et_pb_row][\/et_pb_section][et_pb_section fb_built=\u00bb1&#8243; custom_padding_last_edited=\u00bbon|phone\u00bb _builder_version=\u00bb4.18.0&#8243; _module_preset=\u00bbdefault\u00bb background_color=\u00bb#FFFFFF\u00bb custom_padding=\u00bb70px||70px||true|false\u00bb custom_padding_tablet=\u00bb41px||41px||true|false\u00bb custom_padding_phone=\u00bb12px||12px||true|false\u00bb background_color_tablet=\u00bb#FFFFFF\u00bb background_color_phone=\u00bb#FFFFFF\u00bb background_last_edited=\u00bbon|phone\u00bb background_enable_color_tablet=\u00bbon\u00bb background_enable_color_phone=\u00bbon\u00bb global_colors_info=\u00bb{}\u00bb][et_pb_row custom_padding_last_edited=\u00bbon|phone\u00bb _builder_version=\u00bb4.18.0&#8243; _module_preset=\u00bbdefault\u00bb width=\u00bb100%\u00bb max_width=\u00bb100%\u00bb custom_padding=\u00bb|125px||125px|false|true\u00bb custom_padding_tablet=\u00bb|||70px|false|false\u00bb custom_padding_phone=\u00bb|40px||40px|false|true\u00bb global_colors_info=\u00bb{}\u00bb][et_pb_column type=\u00bb4_4&#8243; _builder_version=\u00bb4.18.0&#8243; _module_preset=\u00bbdefault\u00bb custom_padding=\u00bb||||false|false\u00bb custom_padding_tablet=\u00bb|0px||0px|false|false\u00bb custom_padding_phone=\u00bb|0px|||false|false\u00bb custom_padding_last_edited=\u00bbon|desktop\u00bb global_colors_info=\u00bb{}\u00bb][et_pb_accordion open_toggle_text_color=\u00bb#56564c\u00bb open_toggle_background_color=\u00bb#fcf9f1&#8243; closed_toggle_text_color=\u00bb#56564c\u00bb closed_toggle_background_color=\u00bb#fcf9f1&#8243; icon_color=\u00bb#009772&#8243; use_icon_font_size=\u00bbon\u00bb icon_font_size=\u00bb36px\u00bb open_toggle_background_color_tablet=\u00bb#fcf9f1&#8243; open_toggle_background_color_phone=\u00bb#fbf6ea\u00bb open_toggle_background_color_last_edited=\u00bbon|tablet\u00bb closed_toggle_background_color_tablet=\u00bb#fcf9f1&#8243; closed_toggle_background_color_phone=\u00bb#fbf6ea\u00bb closed_toggle_background_color_last_edited=\u00bbon|desktop\u00bb icon_font_size_tablet=\u00bb27px\u00bb icon_font_size_phone=\u00bb25px\u00bb icon_font_size_last_edited=\u00bbon|phone\u00bb _builder_version=\u00bb4.18.0&#8243; _module_preset=\u00bbdefault\u00bb toggle_font=\u00bb|600|||||||\u00bb toggle_font_size=\u00bb23px\u00bb closed_toggle_font_size=\u00bb23px\u00bb body_font=\u00bb|300|||||||\u00bb body_font_size=\u00bb15px\u00bb toggle_font_size_tablet=\u00bb20px\u00bb toggle_font_size_phone=\u00bb18px\u00bb toggle_font_size_last_edited=\u00bbon|desktop\u00bb closed_toggle_font_size_tablet=\u00bb20px\u00bb closed_toggle_font_size_phone=\u00bb18px\u00bb closed_toggle_font_size_last_edited=\u00bbon|phone\u00bb border_width_all=\u00bb0px\u00bb global_colors_info=\u00bb{}\u00bb][et_pb_accordion_item title=\u00bbEN BLANCO\u00bb _builder_version=\u00bb4.18.0&#8243; _module_preset=\u00bbdefault\u00bb custom_css_main_element=\u00bbdisplay:none\u00bb global_colors_info=\u00bb{}\u00bb open=\u00bboff\u00bb][\/et_pb_accordion_item][et_pb_accordion_item title=\u00bbActividades en familia\u00bb _builder_version=\u00bb4.18.0&#8243; _module_preset=\u00bbdefault\u00bb global_colors_info=\u00bb{}\u00bb open=\u00bboff\u00bb]<\/p>\n<p>El amor por la monta\u00f1a se transmite de los padres y madres a los hijos e hijas. Por eso, creemos que es indispensable que desde peque\u00f1os y con su familia conozcan el entorno que nos rodea: para cuidarlo, respetarlo, entenderlo, etc.\u00a0<\/p>\n<p>En este apartado encontrar\u00e9is propuestas desde excursiones y ocio hasta salidas m\u00e1s t\u00e9cnicas y deportivas para poder hacer en familia alrededor del Refugi de Siurana.<\/p>\n<p>[\/et_pb_accordion_item][et_pb_accordion_item title=\u00bbEscalada\u00bb open=\u00bboff\u00bb _builder_version=\u00bb4.18.0&#8243; _module_preset=\u00bbdefault\u00bb global_colors_info=\u00bb{}\u00bb]<\/p>\n<p>Mir\u00e9is d\u00f3nde mir\u00e9is alrededor de Siurana se intuyen grandes v\u00edas de escalada. La roca que podemos encontrar en esta zona es espectacular y nos invita a trepar y subir hasta completar la trazada.<\/p>\n<p>[\/et_pb_accordion_item][et_pb_accordion_item title=\u00bbSenderismo\u00bb _builder_version=\u00bb4.18.0&#8243; _module_preset=\u00bbdefault\u00bb global_colors_info=\u00bb{}\u00bb open=\u00bbon\u00bb]<\/p>\n<p>Son muchas las rutas e itinerarios que podemos descubrir saliendo casi de la puerta del Refugio Ciriac Bonet o que nos llevan a \u00e9l despu\u00e9s de pasar por paisajes que nos dejar\u00e1n sin aliento.<\/p>\n<p>Si desea conocer algunos rincones seleccionados, siga leyendo que seguro le encantar\u00e1n:<\/p>\n<p>[\/et_pb_accordion_item][\/et_pb_accordion][\/et_pb_column][\/et_pb_row][\/et_pb_section][et_pb_section fb_built=\u00bb1&#8243; custom_padding_last_edited=\u00bbon|desktop\u00bb _builder_version=\u00bb4.18.0&#8243; _module_preset=\u00bbdefault\u00bb background_color=\u00bb#fcf9f1&#8243; custom_margin=\u00bb0px||0px||false|false\u00bb custom_margin_tablet=\u00bb0px||0px||false|false\u00bb custom_margin_phone=\u00bb0px||0px||false|false\u00bb custom_margin_last_edited=\u00bbon|phone\u00bb custom_padding=\u00bb0px||0px||false|false\u00bb custom_padding_tablet=\u00bb0px||0px||false|false\u00bb custom_padding_phone=\u00bb0px||0px||false|false\u00bb background_color_phone=\u00bb#fbf6ea\u00bb background_last_edited=\u00bbon|phone\u00bb background_enable_color_phone=\u00bbon\u00bb global_colors_info=\u00bb{}\u00bb][et_pb_row column_structure=\u00bb1_2,1_2&#8243; use_custom_gutter=\u00bbon\u00bb gutter_width=\u00bb4&#8243; custom_padding_last_edited=\u00bbon|phone\u00bb _builder_version=\u00bb4.18.0&#8243; _module_preset=\u00bbdefault\u00bb width=\u00bb100%\u00bb max_width=\u00bb100%\u00bb custom_margin=\u00bb0px||0px||false|false\u00bb custom_margin_tablet=\u00bb0px||0px||false|false\u00bb custom_margin_phone=\u00bb0px||0px||false|false\u00bb custom_margin_last_edited=\u00bbon|desktop\u00bb custom_padding=\u00bb150px|125px|150px|125px|true|true\u00bb custom_padding_tablet=\u00bb70px|70px|70px|70px|true|true\u00bb custom_padding_phone=\u00bb80px|40px|80px|40px|true|true\u00bb global_colors_info=\u00bb{}\u00bb][et_pb_column type=\u00bb1_2&#8243; _builder_version=\u00bb4.18.0&#8243; _module_preset=\u00bbdefault\u00bb custom_padding=\u00bb||||false|false\u00bb custom_padding_tablet=\u00bb||||false|false\u00bb custom_padding_phone=\u00bb|0px||0px|false|true\u00bb custom_padding_last_edited=\u00bbon|tablet\u00bb global_colors_info=\u00bb{}\u00bb][et_pb_image src=\u00bbhttps:\/\/refugisiurana.cec.cat\/wp-content\/uploads\/2022\/09\/esglesia-de-siurana.jpg\u00bb alt=\u00bbEsglesia de Siurana\u00bb title_text=\u00bbesglesia-de-siurana\u00bb force_fullwidth=\u00bbon\u00bb _builder_version=\u00bb4.18.0&#8243; _module_preset=\u00bbdefault\u00bb position_origin_a=\u00bbtop_center\u00bb min_height_tablet=\u00bb\u00bb min_height_phone=\u00bb\u00bb min_height_last_edited=\u00bbon|tablet\u00bb custom_margin_tablet=\u00bb\u00bb custom_margin_phone=\u00bb\u00bb custom_margin_last_edited=\u00bbon|desktop\u00bb custom_padding_tablet=\u00bb\u00bb custom_padding_phone=\u00bb\u00bb custom_padding_last_edited=\u00bbon|phone\u00bb global_colors_info=\u00bb{}\u00bb][\/et_pb_image][\/et_pb_column][et_pb_column type=\u00bb1_2&#8243; _builder_version=\u00bb4.18.0&#8243; _module_preset=\u00bbdefault\u00bb custom_padding=\u00bb||||false|false\u00bb custom_padding_tablet=\u00bb||||false|true\u00bb custom_padding_phone=\u00bb||||false|true\u00bb custom_padding_last_edited=\u00bbon|phone\u00bb global_colors_info=\u00bb{}\u00bb][et_pb_text _builder_version=\u00bb4.18.0&#8243; _module_preset=\u00bbdefault\u00bb text_font=\u00bb|300|||||||\u00bb text_font_size=\u00bb15px\u00bb text_line_height=\u00bb1.8em\u00bb header_2_font=\u00bb|600|||||||\u00bb header_2_font_size=\u00bb34px\u00bb header_2_line_height=\u00bb1.3em\u00bb custom_margin=\u00bb0px||29px||false|false\u00bb custom_margin_tablet=\u00bb40px||15px||false|false\u00bb custom_margin_phone=\u00bb25px||10px||false|false\u00bb custom_margin_last_edited=\u00bbon|tablet\u00bb header_2_font_size_tablet=\u00bb34px\u00bb header_2_font_size_phone=\u00bb30px\u00bb header_2_font_size_last_edited=\u00bbon|tablet\u00bb border_width_bottom=\u00bb1px\u00bb border_color_bottom=\u00bb#56564c\u00bb global_colors_info=\u00bb{}\u00bb]<\/p>\n<h2>Un pueblo de leyenda<\/h2>\n<p>[\/et_pb_text][et_pb_text _builder_version=\u00bb4.18.0&#8243; _module_preset=\u00bbdefault\u00bb text_font=\u00bb|300|||||||\u00bb text_font_size=\u00bb15px\u00bb text_line_height=\u00bb2em\u00bb custom_margin=\u00bb15px||||false|false\u00bb custom_margin_tablet=\u00bb15px||||false|false\u00bb custom_margin_phone=\u00bb15px||20px||false|false\u00bb custom_margin_last_edited=\u00bbon|phone\u00bb global_colors_info=\u00bb{}\u00bb]<\/p>\n<p>Siurana y su castillo fueron el <strong>\u00faltimo reducto de la reconquista en Catalu\u00f1a <\/strong>, conquistados en 1153, despu\u00e9s de caer Lleida y Tortosa.<\/p>\n<p>Una vez vea el precipicio que le rodea, podr\u00e1 entender por qu\u00e9 no fue conquistada durante tres siglos, por qu\u00e9 fueron necesarios caballares de cuatro contados y por qu\u00e9 el final fue tan tr\u00e1gico.<\/p>\n<p>Cuenta la <strong>leyenda <\/strong>que \u201c Abdelazia , la reina mora, antes de verse sometida a los cristianos, prefiri\u00f3 despe\u00f1arse de un risco con su caballo. Y el animal, en su in\u00fatil resistencia, dej\u00f3 marcada sobre la roca, para siempre, la huella de su herradura\u201d. Y con ese salto desapareci\u00f3 el \u00faltimo reducto sarraceno de Catalunya.<\/p>\n<p>En Siurana tambi\u00e9n destaca su <strong>iglesia rom\u00e1nica <\/strong>, dedicada a Santa Maria, y construida entre los siglos XII y XIII. Tanto la portada, majestuosa, como su interior, sobrio y sencillo, merecen una visita.<\/p>\n<p>[\/et_pb_text][\/et_pb_column][\/et_pb_row][\/et_pb_section]<\/p>\n","protected":false},"excerpt":{"rendered":"<p>Punto de informaci\u00f3nEl Refugi de Siurana es un punto de informaci\u00f3n acreditado del Parque Natural de Montsant y el Espacio de Inter\u00e9s Natural de la Sierra de Llaberia . Podr\u00e9is encontrar informaci\u00f3n detallada del Parque, informaci\u00f3n general de la comarca y material divulgativo diverso para planificar su estancia y visita. Plan de acciones de la [&hellip;]<\/p>\n","protected":false},"author":1,"featured_media":0,"parent":0,"menu_order":0,"comment_status":"closed","ping_status":"closed","template":"","meta":{"_et_pb_use_builder":"on","_et_pb_old_content":"","_et_gb_content_width":"","footnotes":""},"class_list":["post-504","page","type-page","status-publish","hentry"],"_links":{"self":[{"href":"https:\/\/refugisiurana.cec.cat\/es\/wp-json\/wp\/v2\/pages\/504","targetHints":{"allow":["GET"]}}],"collection":[{"href":"https:\/\/refugisiurana.cec.cat\/es\/wp-json\/wp\/v2\/pages"}],"about":[{"href":"https:\/\/refugisiurana.cec.cat\/es\/wp-json\/wp\/v2\/types\/page"}],"author":[{"embeddable":true,"href":"https:\/\/refugisiurana.cec.cat\/es\/wp-json\/wp\/v2\/users\/1"}],"replies":[{"embeddable":true,"href":"https:\/\/refugisiurana.cec.cat\/es\/wp-json\/wp\/v2\/comments?post=504"}],"version-history":[{"count":4,"href":"https:\/\/refugisiurana.cec.cat\/es\/wp-json\/wp\/v2\/pages\/504\/revisions"}],"predecessor-version":[{"id":551,"href":"https:\/\/refugisiurana.cec.cat\/es\/wp-json\/wp\/v2\/pages\/504\/revisions\/551"}],"wp:attachment":[{"href":"https:\/\/refugisiurana.cec.cat\/es\/wp-json\/wp\/v2\/media?parent=504"}],"curies":[{"name":"wp","href":"https:\/\/api.w.org\/{rel}","templated":true}]}}