{"id":490,"date":"2022-09-13T16:58:21","date_gmt":"2022-09-13T16:58:21","guid":{"rendered":"https:\/\/refugisiurana.cec.cat\/?page_id=490"},"modified":"2022-10-17T15:41:04","modified_gmt":"2022-10-17T15:41:04","slug":"cuina","status":"publish","type":"page","link":"https:\/\/refugisiurana.cec.cat\/es\/cuina\/","title":{"rendered":"Cuina"},"content":{"rendered":"<p>[et_pb_section fb_built=\u00bb1&#8243; custom_padding_last_edited=\u00bbon|phone\u00bb _builder_version=\u00bb4.18.0&#8243; _module_preset=\u00bbdefault\u00bb background_color=\u00bb#fcf9f1&#8243; custom_padding=\u00bb70px||0px||false|false\u00bb custom_padding_tablet=\u00bb0px||||false|false\u00bb custom_padding_phone=\u00bb0px||||false|false\u00bb background_color_phone=\u00bb#fbf6ea\u00bb background_last_edited=\u00bbon|phone\u00bb background_enable_color_phone=\u00bbon\u00bb global_colors_info=\u00bb{}\u00bb][et_pb_row custom_padding_last_edited=\u00bbon|tablet\u00bb _builder_version=\u00bb4.18.0&#8243; _module_preset=\u00bbdefault\u00bb width=\u00bb100%\u00bb max_width=\u00bb100%\u00bb custom_padding=\u00bb||20px||false|false\u00bb custom_padding_tablet=\u00bb||20px||false|false\u00bb custom_padding_phone=\u00bb||13px||false|false\u00bb global_colors_info=\u00bb{}\u00bb][et_pb_column type=\u00bb4_4&#8243; _builder_version=\u00bb4.18.0&#8243; _module_preset=\u00bbdefault\u00bb custom_padding=\u00bb|||125px|false|false\u00bb custom_padding_tablet=\u00bb|0px||0px|false|false\u00bb custom_padding_phone=\u00bb|0px|||false|false\u00bb custom_padding_last_edited=\u00bbon|desktop\u00bb global_colors_info=\u00bb{}\u00bb][et_pb_image src=\u00bbhttps:\/\/refugisiurana.cec.cat\/wp-content\/uploads\/2022\/09\/la-cuina-refugi-siurana.png\u00bb alt=\u00bbRefugi Siurana\u00bb title_text=\u00bbla-cuina-refugi-siurana\u00bb align_tablet=\u00bbcenter\u00bb align_phone=\u00bbcenter\u00bb align_last_edited=\u00bbon|phone\u00bb _builder_version=\u00bb4.18.0&#8243; _module_preset=\u00bbdefault\u00bb min_height_tablet=\u00bb\u00bb min_height_phone=\u00bb\u00bb min_height_last_edited=\u00bbon|phone\u00bb height=\u00bb60px\u00bb custom_margin=\u00bb||9px|||\u00bb global_colors_info=\u00bb{}\u00bb][\/et_pb_image][et_pb_text _builder_version=\u00bb4.18.0&#8243; _module_preset=\u00bbdefault\u00bb header_font=\u00bb|600|||||||\u00bb header_font_size=\u00bb57px\u00bb header_letter_spacing=\u00bb-1px\u00bb custom_margin_tablet=\u00bb20px||||false|false\u00bb custom_margin_phone=\u00bb15px||||false|false\u00bb custom_margin_last_edited=\u00bbon|desktop\u00bb header_text_align_tablet=\u00bbcenter\u00bb header_text_align_phone=\u00bbcenter\u00bb header_text_align_last_edited=\u00bbon|tablet\u00bb header_font_size_tablet=\u00bb52px\u00bb header_font_size_phone=\u00bb34px\u00bb header_font_size_last_edited=\u00bbon|phone\u00bb global_colors_info=\u00bb{}\u00bb]<\/p>\n<h1>Cocina<\/h1>\n<p>[\/et_pb_text][\/et_pb_column][\/et_pb_row][\/et_pb_section][et_pb_section fb_built=\u00bb1&#8243; _builder_version=\u00bb4.18.0&#8243; _module_preset=\u00bbdefault\u00bb background_color=\u00bb#FFFFFF\u00bb width=\u00bb100%\u00bb max_width=\u00bb100%\u00bb custom_margin=\u00bb0px||0px||false|false\u00bb custom_padding=\u00bb0px||0px||false|false\u00bb global_colors_info=\u00bb{}\u00bb][et_pb_row column_structure=\u00bb2_5,3_5&#8243; use_custom_gutter=\u00bbon\u00bb gutter_width=\u00bb1&#8243; make_equal=\u00bbon\u00bb _builder_version=\u00bb4.18.0&#8243; _module_preset=\u00bbdefault\u00bb width=\u00bb100%\u00bb max_width=\u00bb100%\u00bb custom_margin=\u00bb0px||0px||false|false\u00bb custom_padding=\u00bb0px||0px||false|false\u00bb global_colors_info=\u00bb{}\u00bb][et_pb_column type=\u00bb2_5&#8243; _builder_version=\u00bb4.18.0&#8243; _module_preset=\u00bbdefault\u00bb custom_padding=\u00bb|100px||125px|false|false\u00bb custom_padding_tablet=\u00bb|70px||70px|false|false\u00bb custom_padding_phone=\u00bb|40px||40px|false|true\u00bb custom_padding_last_edited=\u00bbon|phone\u00bb custom_css_main_element=\u00bbdisplay: flex;||flex-direction: column;||justify-content: center;\u00bb global_colors_info=\u00bb{}\u00bb][et_pb_text _builder_version=\u00bb4.18.0&#8243; _module_preset=\u00bbdefault\u00bb text_font=\u00bb|300|||||||\u00bb text_font_size=\u00bb15px\u00bb text_line_height=\u00bb1.8em\u00bb header_2_font=\u00bb|600|||||||\u00bb header_2_font_size=\u00bb34px\u00bb header_2_line_height=\u00bb1.3em\u00bb custom_margin=\u00bb70px||15px||false|false\u00bb custom_margin_tablet=\u00bb70px||15px||false|false\u00bb custom_margin_phone=\u00bb40px||15px||false|false\u00bb custom_margin_last_edited=\u00bbon|phone\u00bb hover_enabled=\u00bb0&#8243; header_2_font_size_tablet=\u00bb34px\u00bb header_2_font_size_phone=\u00bb30px\u00bb header_2_font_size_last_edited=\u00bbon|tablet\u00bb border_width_bottom=\u00bb1px\u00bb border_color_bottom=\u00bb#56564c\u00bb global_colors_info=\u00bb{}\u00bb sticky_enabled=\u00bb0&#8243;]<\/p>\n<h2>\u00bfQu\u00e9 podemos encontrar?<\/h2>\n<p>[\/et_pb_text][et_pb_text _builder_version=\u00bb4.18.0&#8243; _module_preset=\u00bbdefault\u00bb text_font=\u00bb|300|||||||\u00bb text_font_size=\u00bb15px\u00bb text_line_height=\u00bb1.8em\u00bb custom_margin=\u00bb15px||30px||false|false\u00bb custom_margin_tablet=\u00bb15px||23px||false|false\u00bb custom_margin_phone=\u00bb26px||26px||true|false\u00bb custom_margin_last_edited=\u00bbon|phone\u00bb global_colors_info=\u00bb{}\u00bb]<\/p>\n<p>Con especial cuidado y cari\u00f1o en la cocina trabajamos con productos de proximidad y km.0, queremos que los clientes adem\u00e1s de conocer nuestras monta\u00f1as tambi\u00e9n conozcan lo que se cuece en los pueblos de alrededor, por eso intentamos proveernos de todos los productos que se elaboran de forma artesanal en nuestra zona: el campo de Tarragona.<\/p>\n<p>Tambi\u00e9n encontrar\u00e1 una cuidada <strong>selecci\u00f3n de vinos <\/strong>provenientes de la uva que se cultiva en las escarpadas monta\u00f1as de alrededor y que conforma la <strong>Denominaci\u00f3n de Origen Calificada Priorat.<\/strong><\/p>\n<p>[\/et_pb_text][et_pb_button button_url=\u00bb#\u00bb button_text=\u00bbVer la carta online\u00bb _builder_version=\u00bb4.18.0&#8243; _module_preset=\u00bbdefault\u00bb custom_button=\u00bbon\u00bb button_text_size=\u00bb15px\u00bb button_text_color=\u00bb#FFFFFF\u00bb button_bg_color=\u00bb#009772&#8243; button_border_radius=\u00bb100px\u00bb custom_margin=\u00bb||70px||false|false\u00bb custom_margin_tablet=\u00bb||70px||false|false\u00bb custom_margin_phone=\u00bb||40px||false|false\u00bb custom_margin_last_edited=\u00bbon|desktop\u00bb hover_enabled=\u00bb0&#8243; button_text_size_tablet=\u00bb15px\u00bb button_text_size_phone=\u00bb13px\u00bb button_text_size_last_edited=\u00bbon|phone\u00bb global_colors_info=\u00bb{}\u00bb sticky_enabled=\u00bb0&#8243;][\/et_pb_button][\/et_pb_column][et_pb_column type=\u00bb3_5&#8243; _builder_version=\u00bb4.18.0&#8243; _module_preset=\u00bbdefault\u00bb global_colors_info=\u00bb{}\u00bb][et_pb_image src=\u00bbhttps:\/\/refugisiurana.cec.cat\/wp-content\/uploads\/2022\/09\/cuina-refugi-de-siurana.jpg\u00bb alt=\u00bbCuina Refugi de Siurana\u00bb title_text=\u00bbcuina-refugi-de-siurana\u00bb force_fullwidth=\u00bbon\u00bb _builder_version=\u00bb4.18.0&#8243; _module_preset=\u00bbdefault\u00bb positioning=\u00bbrelative\u00bb position_origin_f=\u00bbtop_right\u00bb position_origin_r=\u00bbtop_right\u00bb global_colors_info=\u00bb{}\u00bb][\/et_pb_image][\/et_pb_column][\/et_pb_row][\/et_pb_section][et_pb_section fb_built=\u00bb1&#8243; _builder_version=\u00bb4.18.0&#8243; _module_preset=\u00bbdefault\u00bb background_color=\u00bb#fcf9f1&#8243; custom_margin=\u00bb0px||0px||false|false\u00bb custom_padding=\u00bb0px||0px||false|false\u00bb background_color_phone=\u00bb#fbf6ea\u00bb background_last_edited=\u00bbon|phone\u00bb background_enable_color_phone=\u00bbon\u00bb global_colors_info=\u00bb{}\u00bb][et_pb_row column_structure=\u00bb2_3,1_3&#8243; use_custom_gutter=\u00bbon\u00bb gutter_width=\u00bb4&#8243; make_equal=\u00bbon\u00bb custom_padding_last_edited=\u00bbon|phone\u00bb _builder_version=\u00bb4.18.0&#8243; _module_preset=\u00bbdefault\u00bb width=\u00bb100%\u00bb max_width=\u00bb100%\u00bb custom_margin=\u00bb0px||0px||false|false\u00bb custom_padding=\u00bb150px|125px|150px|125px|true|true\u00bb custom_padding_tablet=\u00bb70px|70px|70px|70px|true|true\u00bb custom_padding_phone=\u00bb80px|40px|80px|40px|true|true\u00bb global_colors_info=\u00bb{}\u00bb][et_pb_column type=\u00bb2_3&#8243; _builder_version=\u00bb4.18.0&#8243; _module_preset=\u00bbdefault\u00bb custom_padding=\u00bb||||false|false\u00bb custom_padding_tablet=\u00bb||||false|false\u00bb custom_padding_phone=\u00bb|0px||0px|false|true\u00bb custom_padding_last_edited=\u00bbon|tablet\u00bb custom_css_main_element=\u00bbdisplay: flex;||flex-direction: column;||justify-content: center;\u00bb global_colors_info=\u00bb{}\u00bb][et_pb_image src=\u00bbhttps:\/\/refugisiurana.cec.cat\/wp-content\/uploads\/2022\/09\/terrassa-refugi-de-siurana.jpg\u00bb alt=\u00bbTerrassa de Refugi de Siurana\u00bb title_text=\u00bbterrassa-refugi-de-siurana\u00bb force_fullwidth=\u00bbon\u00bb _builder_version=\u00bb4.18.0&#8243; _module_preset=\u00bbdefault\u00bb position_origin_a=\u00bbtop_center\u00bb min_height_tablet=\u00bb\u00bb min_height_phone=\u00bb\u00bb min_height_last_edited=\u00bbon|tablet\u00bb custom_margin_tablet=\u00bb\u00bb custom_margin_phone=\u00bb\u00bb custom_margin_last_edited=\u00bbon|desktop\u00bb custom_padding_tablet=\u00bb\u00bb custom_padding_phone=\u00bb\u00bb custom_padding_last_edited=\u00bbon|phone\u00bb global_colors_info=\u00bb{}\u00bb][\/et_pb_image][\/et_pb_column][et_pb_column type=\u00bb1_3&#8243; _builder_version=\u00bb4.18.0&#8243; _module_preset=\u00bbdefault\u00bb custom_padding=\u00bb||||false|false\u00bb custom_padding_tablet=\u00bb||||false|true\u00bb custom_padding_phone=\u00bb||||false|true\u00bb custom_padding_last_edited=\u00bbon|phone\u00bb custom_css_main_element=\u00bbdisplay: flex;||flex-direction: column;||justify-content: center;\u00bb global_colors_info=\u00bb{}\u00bb][et_pb_text _builder_version=\u00bb4.18.0&#8243; _module_preset=\u00bbdefault\u00bb text_font=\u00bb|300|||||||\u00bb text_font_size=\u00bb15px\u00bb text_line_height=\u00bb2em\u00bb custom_margin=\u00bb15px||||false|false\u00bb custom_margin_tablet=\u00bb15px||||false|false\u00bb custom_margin_phone=\u00bb15px||20px||false|false\u00bb custom_margin_last_edited=\u00bbon|phone\u00bb hover_enabled=\u00bb0&#8243; global_colors_info=\u00bb{}\u00bb sticky_enabled=\u00bb0&#8243;]<\/p>\n<p>Detr\u00e1s de la barra encontrar\u00e9is a Marc, \u00c0lex y su equipo que nos invitar\u00e1n a disfrutar de un fant\u00e1stico rato ya sea en <strong>el interior del refugio excavado en la roca <\/strong>, o bien en la <strong>impresionante terraza panor\u00e1mica <\/strong>.<\/p>\n<p>[\/et_pb_text][\/et_pb_column][\/et_pb_row][\/et_pb_section]<\/p>\n","protected":false},"excerpt":{"rendered":"<p>Cocina\u00bfQu\u00e9 podemos encontrar?Con especial cuidado y cari\u00f1o en la cocina trabajamos con productos de proximidad y km.0, queremos que los clientes adem\u00e1s de conocer nuestras monta\u00f1as tambi\u00e9n conozcan lo que se cuece en los pueblos de alrededor, por eso intentamos proveernos de todos los productos que se elaboran de forma artesanal en nuestra zona: el [&hellip;]<\/p>\n","protected":false},"author":1,"featured_media":0,"parent":0,"menu_order":0,"comment_status":"closed","ping_status":"closed","template":"","meta":{"_et_pb_use_builder":"on","_et_pb_old_content":"","_et_gb_content_width":"","footnotes":""},"class_list":["post-490","page","type-page","status-publish","hentry"],"_links":{"self":[{"href":"https:\/\/refugisiurana.cec.cat\/es\/wp-json\/wp\/v2\/pages\/490","targetHints":{"allow":["GET"]}}],"collection":[{"href":"https:\/\/refugisiurana.cec.cat\/es\/wp-json\/wp\/v2\/pages"}],"about":[{"href":"https:\/\/refugisiurana.cec.cat\/es\/wp-json\/wp\/v2\/types\/page"}],"author":[{"embeddable":true,"href":"https:\/\/refugisiurana.cec.cat\/es\/wp-json\/wp\/v2\/users\/1"}],"replies":[{"embeddable":true,"href":"https:\/\/refugisiurana.cec.cat\/es\/wp-json\/wp\/v2\/comments?post=490"}],"version-history":[{"count":2,"href":"https:\/\/refugisiurana.cec.cat\/es\/wp-json\/wp\/v2\/pages\/490\/revisions"}],"predecessor-version":[{"id":538,"href":"https:\/\/refugisiurana.cec.cat\/es\/wp-json\/wp\/v2\/pages\/490\/revisions\/538"}],"wp:attachment":[{"href":"https:\/\/refugisiurana.cec.cat\/es\/wp-json\/wp\/v2\/media?parent=490"}],"curies":[{"name":"wp","href":"https:\/\/api.w.org\/{rel}","templated":true}]}}